{"id":790,"date":"2024-07-10T17:12:38","date_gmt":"2024-07-10T15:12:38","guid":{"rendered":"https:\/\/mark-schoder.de\/?page_id=790"},"modified":"2024-07-10T17:12:38","modified_gmt":"2024-07-10T15:12:38","slug":"datenschutzerklaerung","status":"publish","type":"page","link":"https:\/\/mark-schoder.de\/en\/datenschutzerklaerung\/","title":{"rendered":"Datenschutzerkl\u00e4rung"},"content":{"rendered":"<p><strong>1. Allgemeine Informationen<\/strong><\/p>\n\n\n\n<p>Datenschutz ist uns ein wichtiges Anliegen. Daher bearbeiten wir Ihre personenbezogenen Daten (\u00abPersonendaten\u00bb) mit grosser Sorgfalt und gem\u00e4ss den anwendbaren gesetzlichen Vorgaben. Mark Schoder vom St. Galler Tagblatt bearbeitet Ihre Personendaten f\u00fcr unterschiedliche Zwecke und informiert vorliegend transparent \u00fcber diese Datenbearbeitungen.<\/p>\n\n\n\n<p>Unter \u00abPersonendaten\u00bb sind alle Informationen zu verstehen, die mit einer bestimmten oder bestimmbaren nat\u00fcrlichen Person in Verbindung gebracht werden k\u00f6nnen. Unter den Begriff \u00abBearbeiten\u00bb f\u00e4llt jeglicher Umgang mit Personendaten, z.B. beschaffen, bekanntgeben, speichern, l\u00f6schen usw.<\/p>\n\n\n\n<p>Bitte lesen Sie die ganze Datenschutzerkl\u00e4rung sorgf\u00e4ltig durch. So erfahren Sie, wie und warum wir Ihre Personendaten bearbeiten und welche Rechte Sie im Zusammenhang mit diesen Datenbearbeitungen haben. Diese Datenschutzerkl\u00e4rung richtet sich nach dem Schweizer Datenschutzgesetz (<strong>DSG<\/strong>). Sodann richtet sie sich auch nach der Europ\u00e4ischen Datenschutz-Grundverordnung (<strong>DSGVO<\/strong>). Es h\u00e4ngt vom individuellen Einzelfall ab, inwiefern \u00fcberhaupt die DSGVO anwendbar ist.<\/p>\n\n\n\n<p>F\u00fcr wen und wann gilt diese Datenschutzerkl\u00e4rung?<\/p>\n\n\n\n<ul class=\"wp-block-list\">\n<li>F\u00fcr Besucherinnen und Besucher unserer Website www.mark-schoder.de<\/li>\n\n\n\n<li>Wenn Sie uns kontaktieren, z.B. via E-Mail, Brief oder auch ein anderes Kontakttool<\/li>\n\n\n\n<li>Wenn Sie von uns Informationen oder Marketingkommunikation erhalten<\/li>\n\n\n\n<li>Wenn Sie im Rahmen von weiteren Datenbearbeitungen, die im Zusammenhang mit unseren Angeboten stehen, mit uns zu tun haben<\/li>\n\n\n\n<li>\u00a0-> <em>evtl. irrelevant: Wenn Sie von uns Dienstleistungen oder Produkte beziehen oder vertraglich mit uns in Verbindung stehen<\/em><\/li>\n<\/ul>\n\n\n\n<p><strong>2. Verantwortlichkeit<\/strong><\/p>\n\n\n\n<p>Es ist dasjenige Unternehmen f\u00fcr die Bearbeitung von Personendaten verantwortlich, das festlegt, zu welchem <strong>Zweck <\/strong>und mit welchen <strong>Mitteln <\/strong>die Bearbeitung erfolgt. F\u00fcr die Datenbearbeitungen nach dieser Datenschutzerkl\u00e4rung ist folgende Gesellschaft oder Person die \u00abVerantwortliche\u00bb im Sinne des DSG, d.h. die <strong>datenschutzrechtlich zust\u00e4ndige Stelle<\/strong>, soweit im spezifischen Einzelfall nichts Anderes kommuniziert wird:<\/p>\n\n\n\n<p>St. Galler Tagblatt<\/p>\n\n\n\n<p>F\u00fcrstenlandstrasse 122<\/p>\n\n\n\n<p>9001 St. Gallen<\/p>\n\n\n\n<p>Bei Anliegen oder Fragen zum Datenschutz k\u00f6nnen Sie uns \u00fcber folgende Adresse kontaktieren:<\/p>\n\n\n\n<p>mark.schoder@chmedia.ch<\/p>\n\n\n\n<p><strong>3. Zu bearbeitende Personendaten<\/strong><\/p>\n\n\n\n<p>Wir bearbeiten mit Blick auf die unterschiedlichen Zwecke auch unterschiedliche Kategorien von Personendaten. Bei Vertragspartnern, die Unternehmen sind, bearbeiten wir weniger Personendaten \u2013 hier bearbeiten wir insbesondere Daten von Kontaktpersonen der Unternehmen (z.B. Name, E-Mail-Adresse, Funktion im Unternehmen, Kommunikationsdaten).<\/p>\n\n\n\n<p>Viele der folgenden Personendaten geben Sie uns selbst bekannt. Dazu sind Sie in der Regel jedoch nicht verpflichtet. Falls Sie uns Daten \u00fcber andere Personen bekanntgeben, gehen wir davon aus, dass <strong>Sie dazu berechtigt sind <\/strong>und dass diese <strong>Daten zudem korrekt sind<\/strong>. Sie <strong>best\u00e4tigen dies automatisch<\/strong>, wenn Sie uns Daten dieser Dritten \u00fcbermitteln. Bitte stellen Sie sicher, dass die betroffenen Dritten auf diese Datenschutzerkl\u00e4rung aufmerksam gemacht wurden.<\/p>\n\n\n\n<p><strong>3.1. Grunddaten und Kontaktinformationen<\/strong><\/p>\n\n\n\n<p>Grunddaten und Kontaktinformationen beziehen sich direkt auf Ihre Person und Eigenschaften (bspw. um Sie zu kontaktieren). Wir bearbeiten z.B. die folgenden Grunddaten:<\/p>\n\n\n\n<ul class=\"wp-block-list\">\n<li>Schoder, Mark<\/li>\n\n\n\n<li>m\u00e4nnlich<\/li>\n\n\n\n<li>Jakobstrasse 81b<\/li>\n<\/ul>\n\n\n\n<p>78464 Konstanz<\/p>\n\n\n\n<ul class=\"wp-block-list\">\n<li>mark.schoder@chmedia.ch<\/li>\n\n\n\n<li>+49 1775398833<\/li>\n<\/ul>\n\n\n\n<p>Wir erhalten diese Stammdaten direkt von Ihnen. Wir k\u00f6nnen unter bestimmten Bedingungen aber auch Personendaten von Dritten beiziehen, wie z.B. von unseren Vertragspartnern, Verb\u00e4nden und Adressh\u00e4ndlern und aus \u00f6ffentlich zug\u00e4nglichen Quellen wie z.B. aus dem Internet.<\/p>\n\n\n\n<p><strong>3.2. Kommunikationsdaten<\/strong><\/p>\n\n\n\n<p>Kommunikationsdaten sind Daten, die im Zusammenhang mit der Kommunikation mit Ihnen entstehen, z.B. sind dies folgende Daten:<\/p>\n\n\n\n<ul class=\"wp-block-list\">\n<li>Kontaktangaben wie z.B. Postadresse, E-Mail-Adresse und Telefonnummer<\/li>\n\n\n\n<li>Inhalt der gesamten Korrespondenz<\/li>\n\n\n\n<li>Angaben zur Art, Zeit und weiteren Randdaten der Kommunikation<\/li>\n<\/ul>\n\n\n\n<p><strong>3.3. Standortdaten und technische Daten<\/strong><\/p>\n\n\n\n<p>Wenn Sie unsere Website besuchen, werden technische Daten erfasst. Dazu z\u00e4hlen z.B. folgende Daten:<\/p>\n\n\n\n<ul class=\"wp-block-list\">\n<li>Standort- und Verkehrsdaten<\/li>\n\n\n\n<li>IP-Adresse des Endger\u00e4ts und Ger\u00e4te-ID<\/li>\n\n\n\n<li>Angaben \u00fcber Ihr Ger\u00e4t, das Betriebssystem Ihres Endger\u00e4ts<\/li>\n\n\n\n<li>Angaben \u00fcber Ihren Internetprovider<\/li>\n\n\n\n<li>Aufgerufene Inhalte bzw. Protokolle, in denen die Nutzung unserer Systeme aufgezeichnet wird<\/li>\n\n\n\n<li>Datum und Zeit des Zugriffs auf die Website<\/li>\n<\/ul>\n\n\n\n<p><strong>3.4. Weitere m\u00f6gliche Daten<\/strong><\/p>\n\n\n\n<p>Je nach Notwendigkeit k\u00f6nnen wir sodann auch folgende weitere Daten bearbeiten:<\/p>\n\n\n\n<p><strong>4. Zwecke unserer Datenbearbeitung<\/strong><\/p>\n\n\n\n<p>Wir bearbeiten Personendaten von Ihnen, soweit erlaubt, f\u00fcr unterschiedliche Zwecke, an denen wir ein dem Zweck entsprechendes berechtigtes Interesse haben:<\/p>\n\n\n\n<ul class=\"wp-block-list\">\n<li>F\u00fcr die Kommunikation (z.B. die Beantwortung Ihrer Nachrichten)<\/li>\n\n\n\n<li>F\u00fcr die interne Administration (z.B. im Rahmen der Buchhaltung oder der Archivierung von Daten)<\/li>\n\n\n\n<li>Zur Einhaltung rechtlicher Anforderungen (z.B. zur Bearbeitung von Beschwerden, Verhinderung und Aufkl\u00e4rung von Straftaten oder sonstigem Fehlverhalten)<\/li>\n\n\n\n<li>Geltendmachung rechtlicher Anspr\u00fcche (falls notwendig bearbeiten wir Personendaten auch, um Anspr\u00fcche gerichtlich, aussergerichtlich und vor Beh\u00f6rden im In- und Ausland<\/li>\n<\/ul>\n\n\n\n<p>durchzusetzen oder uns gegen Rechtsanspr\u00fcche zu wehren)<\/p>\n\n\n\n<p><strong>5. Datenbearbeitungen im Zusammenhang mit Social Media<\/strong><\/p>\n\n\n\n<p>Wenn Sie via Social Media und unseren dortigen Profilen, z.B. auf, Instagram und &nbsp;LinkedIn mit uns in Kontakt treten, Inhalte kommentieren oder Posts weiterverbreiten, erheben wir dazu Angaben, die wir bspw. f\u00fcr Marketingzwecke verwenden k\u00f6nnen. Der jeweilige Anbieter einer Social Media Plattform erhebt bei Ihrem Besuch auf unserem Profil im \u00dcbrigen auch selbst Daten.<\/p>\n\n\n\n<p><strong>Weitere Informationen zur Datenbearbeitung<\/strong> <strong>durch einen Social-Media-Anbieter selbst finden Sie in der jeweiligen<\/strong> <strong>Datenschutzerkl\u00e4rungen dieses Anbieters.<\/strong><\/p>\n\n\n\n<p>Wir bieten Ihnen auf unserer Website die M\u00f6glichkeit zur Nutzung eines sog. Social-Media-Plugins von Facebook, Instagram, YouTube, LinkedIn an, um Funktionen des jeweiligen Anbieters auf unserer Website einzubinden. Diese Plugins sind standardm\u00e4ssig deaktiviert, werden jedoch dann aktiviert, wenn Sie auf das Social-Media-Icon auf der Website klicken. Sie k\u00f6nnen Auskunftsgesuche und andere Betroffenenanfragen im Zusammenhang mit diesen Social-Media-Anbietern direkt an den betreffenden Anbieter richten.<\/p>\n\n\n\n<p><strong>6. Datenbekanntgabe an andere Unternehmen und weitere<\/strong><\/p>\n\n\n\n<p><strong>Empf\u00e4nger<\/strong><\/p>\n\n\n\n<p>Wir geben Ihre Personendaten Dienstleistern bekannt. Das betrifft insbesondere IT-Dienstleister, kann aber \u2013 wo notwendig \u2013 Analysedienstleister, Inkassodienstleister, Wirtschaftsauskunfteien, Marketingdienstleister usw. betreffen. Soweit diese Dienstleister Personendaten als Auftragsbearbeiter bearbeiten, sind sie verpflichtet, Personendaten ausschliesslich nach unseren Instruktionen zu bearbeiten und Massnahmen zur Datensicherheit zu treffen. Daten k\u00f6nnen sodann auch an andere Empf\u00e4nger bekanntgegeben werden, z.B. an Gerichte und Beh\u00f6rden im Rahmen von Gerichtsverfahren.<\/p>\n\n\n\n<p>In Einzelf\u00e4llen ist es m\u00f6glich, dass wir Personendaten an andere Dritte auch zu deren eigenen Zwecken weitergeben, z.B. wenn Sie uns dazu Ihre Einwilligung gegeben haben oder wenn wir zu einer Weitergabe gesetzlich verpflichtet oder berechtigt sind.<\/p>\n\n\n\n<p><strong>7. Dauer der Datenbearbeitungen<\/strong><\/p>\n\n\n\n<p>Wir speichern und bearbeiten Ihre Personendaten, solange es f\u00fcr den Zweck der Bearbeitung erforderlich ist (bei Daten im Zusammenhang mit Vertr\u00e4gen ist dies normalerweise f\u00fcr die Dauer der Vertragsbeziehung), solange wir ein berechtigtes Interesse an der Speicherung der Daten haben (z.B. um rechtliche Anspr\u00fcche durchzusetzen, oder um die IT-Sicherheit sicherzustellen) und solange Daten einer gesetzlichen Aufbewahrungspflicht unterliegen (f\u00fcr bestimmte Daten gilt z.B. eine zehnj\u00e4hrige Aufbewahrungsfrist, die wir zwingend einhalten m\u00fcssen). Wir vernichten oder anonymisieren Ihre Personendaten nach Ablauf der Speicher- oder Bearbeitungsdauer, sofern keine rechtlichen oder vertraglichen Pflichten dies verbieten.<\/p>\n\n\n\n<p><strong>8. Rechtsgrundlagen gem\u00e4ss DSGVO f\u00fcr die Datenbearbeitungen<\/strong><\/p>\n\n\n\n<p>Je nachdem ist eine Datenbearbeitung nur dann erlaubt, wenn das anwendbare Recht es spezifisch erlaubt. Das gilt nicht nach dem schweizerischen Datenschutzrecht, jedoch nach der Europ\u00e4ischen DSGVO, soweit diese zur Anwendung gelangt. In diesem Fall st\u00fctzen wir die Bearbeitung Ihrer Personendaten auf folgende Rechtsgrundlagen:<\/p>\n\n\n\n<ul class=\"wp-block-list\">\n<li>auf Ihre Einwilligung (Art. 6 Abs. 1 lit. a und Art. 9 Abs. 2 lit. a DSGVO);<\/li>\n\n\n\n<li>dass die Bearbeitung f\u00fcr die Vertragserf\u00fcllung oder vorvertragliche Massnahmen notwendig ist (Art. 6 Abs. 2 lit. b DSGVO)<\/li>\n\n\n\n<li>die Bearbeitung ist f\u00fcr ein berechtigtes Interesse an der Datenverarbeitung erforderlich<\/li>\n\n\n\n<li>(Art. 6 Abs. 1 lit. f DSGVO)<\/li>\n\n\n\n<li>dass die Bearbeitung f\u00fcr die Geltendmachung oder Abwehr von Rechtsanspr\u00fcchen oder Zivilprozessen notwendig ist (Art. 6 Abs. 1 lit. f und Art. 9 Abs. 2 lit. f DSGVO)<\/li>\n\n\n\n<li>dass die Bearbeitung f\u00fcr die Einhaltung von in- oder ausl\u00e4ndischen Rechtsvorschriften notwendig ist (Art. 6 Abs. 1 lit. c und lit. f sowie Art. 9 Abs. 2 lit. g DSGVO)<\/li>\n<\/ul>\n\n\n\n<p><strong>9. Betroffenenrechte<\/strong><\/p>\n\n\n\n<p>Sie haben im Rahmen des anwendbaren Datenschutzrechts bestimmte Rechte, damit Sie weitere Informationen \u00fcber unsere Datenbearbeitung beziehen und auf diese einwirken k\u00f6nnen. Das sind insbesondere die folgenden Rechte:<\/p>\n\n\n\n<ul class=\"wp-block-list\">\n<li>Sie haben ein Auskunftsrecht. Das heisst, Sie k\u00f6nnen Informationen \u00fcber unsere Datenbearbeitung verlangen. Daf\u00fcr stehen wir Ihnen gerne zur Verf\u00fcgung. Sie k\u00f6nnen auch ein sog. Auskunftsbegehren stellen, wenn Sie weitere Informationen und eine Kopie Ihrer Daten w\u00fcnschen.<\/li>\n\n\n\n<li>Sie haben ein \u00dcbertragungsrecht. Das heisst, Sie haben das Recht, die Personendaten, die Sie uns bereitgestellt haben, in einem strukturierten, g\u00e4ngigen und maschinenlesbaren Format zu erhalten oder an einen Dritten \u00fcbertragen zu lassen, soweit die entsprechende Datenbearbeitung auf Ihrer Einwilligung beruht oder zur Vertragserf\u00fcllung erforderlich ist.<\/li>\n\n\n\n<li>Sie haben ein Recht auf L\u00f6schung und Widerspruch. Das heisst, Sie k\u00f6nnen gegen unsere Datenbearbeitung einen Widerspruch einlegen, sodass wir Ihre Daten nicht mehr bearbeiten k\u00f6nnen. Sie k\u00f6nnen sodann verlangen, dass wir Ihre Personendaten l\u00f6schen. Wir weisen Sie jedoch darauf hin, dass wir Ihre Daten weiterhin bearbeiten und aufbewahren, wenn wir dazu verpflichtet sind.<\/li>\n\n\n\n<li>Sie haben ein Recht auf Berichtigung. Das heisst, Sie k\u00f6nnen falsche oder unvollst\u00e4ndige Personendaten berichtigen bzw. vervollst\u00e4ndigen oder sodann durch einen sog. Bestreitungsvermerk versehen lassen.<\/li>\n\n\n\n<li>Sie haben ein Recht auf Widerruf. Das heisst, Sie k\u00f6nnen jederzeit Ihre Einwilligung widerrufen, sofern Sie vorg\u00e4ngig Ihre Einwilligung f\u00fcr eine Datenbearbeitung gegeben haben. Der Widerruf gilt ab diesem Moment, das heisst nur f\u00fcr die Zukunft und nicht f\u00fcr die Vergangenheit. Es kann sein, dass wir Ihre Daten f\u00fcr den Fall Ihres Widerrufs aber weiterhin gest\u00fctzt auf eine andere Grundlage bearbeiten.<\/li>\n<\/ul>\n\n\n\n<p>Wenn Sie Ihre Betroffenenrechte geltend machen, m\u00fcssen wir Ihre Identit\u00e4t pr\u00fcfen (dies geschieht bspw. durch Zustellen einer Ausweiskopie). Die aufgef\u00fchrten Betroffenenrechte unterliegen sodann gesetzlichen Voraussetzungen und Beschr\u00e4nkungen. Das bedeutet, dass die Rechteaus\u00fcbung nicht in jedem Fall vollumf\u00e4nglich m\u00f6glich ist. Beispielsweise m\u00fcssen wir Ihre Personendaten nach wie vor weiterbearbeiten, um einen Auftrag mit Ihnen zu erf\u00fcllen, um eigene schutzw\u00fcrdige Interessen zu wahren oder um gesetzlichen Verpflichtungen gerecht zu werden. Soweit es rechtlich zul\u00e4ssig ist (z.B. zum Schutz der Privatsph\u00e4re von Drittpersonen sowie zur Wahrung eigener, schutzw\u00fcrdiger Interessen wie das Vorliegen von Gesch\u00e4ftsgeheimnissen), k\u00f6nnen wir Ihre Rechteaus\u00fcbung einschr\u00e4nken oder verweigern. Es sei im \u00dcbrigen erw\u00e4hnt, dass Sie auch die M\u00f6glichkeit haben, mit Ihrem Anliegen an die zust\u00e4ndige Datenschutzbeh\u00f6rde zu gelangen.<\/p>\n\n\n\n<p><strong>10. Stand der Datenschutzerkl\u00e4rung<\/strong><\/p>\n\n\n\n<p>Diese Datenschutzerkl\u00e4rung ist auf dem neusten Stand und datiert vom 10.07.2024<\/p>","protected":false},"excerpt":{"rendered":"<p>1. Allgemeine Informationen Datenschutz ist uns ein wichtiges Anliegen. Daher bearbeiten wir Ihre personenbezogenen Daten (\u00abPersonendaten\u00bb) mit grosser Sorgfalt und gem\u00e4ss den anwendbaren gesetzlichen Vorgaben. Mark Schoder vom St. Galler Tagblatt bearbeitet Ihre Personendaten f\u00fcr unterschiedliche Zwecke und informiert vorliegend transparent \u00fcber diese Datenbearbeitungen. Unter \u00abPersonendaten\u00bb sind alle Informationen zu verstehen, die mit einer bestimmten oder bestimmbaren nat\u00fcrlichen Person in Verbindung gebracht werden k\u00f6nnen. Unter den Begriff \u00abBearbeiten\u00bb f\u00e4llt jeglicher Umgang mit Personendaten, z.B. beschaffen, [&hellip;]<\/p>","protected":false},"author":1,"featured_media":0,"parent":0,"menu_order":0,"comment_status":"closed","ping_status":"closed","template":"","meta":{"footnotes":""},"class_list":["post-790","page","type-page","status-publish","hentry"],"featured_image_url":[],"post_author":"mark-schoder.de","assigned_categories":"","yoast_head":"<!-- This site is optimized with the Yoast SEO plugin v25.6 - https:\/\/yoast.com\/wordpress\/plugins\/seo\/ -->\n<title>Datenschutzerkl\u00e4rung -<\/title>\n<meta name=\"robots\" content=\"index, follow, max-snippet:-1, max-image-preview:large, max-video-preview:-1\" \/>\n<link rel=\"canonical\" href=\"https:\/\/mark-schoder.de\/en\/datenschutzerklaerung\/\" \/>\n<meta property=\"og:locale\" content=\"en_US\" \/>\n<meta property=\"og:type\" content=\"article\" \/>\n<meta property=\"og:title\" content=\"Datenschutzerkl\u00e4rung -\" \/>\n<meta property=\"og:description\" content=\"1. Allgemeine Informationen Datenschutz ist uns ein wichtiges Anliegen. Daher bearbeiten wir Ihre personenbezogenen Daten (\u00abPersonendaten\u00bb) mit grosser Sorgfalt und gem\u00e4ss den anwendbaren gesetzlichen Vorgaben. Mark Schoder vom St. Galler Tagblatt bearbeitet Ihre Personendaten f\u00fcr unterschiedliche Zwecke und informiert vorliegend transparent \u00fcber diese Datenbearbeitungen. Unter \u00abPersonendaten\u00bb sind alle Informationen zu verstehen, die mit einer bestimmten oder bestimmbaren nat\u00fcrlichen Person in Verbindung gebracht werden k\u00f6nnen. Unter den Begriff \u00abBearbeiten\u00bb f\u00e4llt jeglicher Umgang mit Personendaten, z.B. beschaffen, [&hellip;]\" \/>\n<meta property=\"og:url\" content=\"https:\/\/mark-schoder.de\/en\/datenschutzerklaerung\/\" \/>\n<meta property=\"og:image\" content=\"https:\/\/mark-schoder.de\/wp-content\/uploads\/2024\/05\/IMG-20220729-WA0001-1.jpg\" \/>\n\t<meta property=\"og:image:width\" content=\"1328\" \/>\n\t<meta property=\"og:image:height\" content=\"747\" \/>\n\t<meta property=\"og:image:type\" content=\"image\/jpeg\" \/>\n<meta name=\"twitter:card\" content=\"summary_large_image\" \/>\n<meta name=\"twitter:label1\" content=\"Est. reading time\" \/>\n\t<meta name=\"twitter:data1\" content=\"9 minutes\" \/>\n<script type=\"application\/ld+json\" class=\"yoast-schema-graph\">{\"@context\":\"https:\/\/schema.org\",\"@graph\":[{\"@type\":\"WebPage\",\"@id\":\"https:\/\/mark-schoder.de\/datenschutzerklaerung\/\",\"url\":\"https:\/\/mark-schoder.de\/datenschutzerklaerung\/\",\"name\":\"Datenschutzerkl\u00e4rung -\",\"isPartOf\":{\"@id\":\"https:\/\/mark-schoder.de\/#website\"},\"datePublished\":\"2024-07-10T15:12:38+00:00\",\"breadcrumb\":{\"@id\":\"https:\/\/mark-schoder.de\/datenschutzerklaerung\/#breadcrumb\"},\"inLanguage\":\"en-US\",\"potentialAction\":[{\"@type\":\"ReadAction\",\"target\":[\"https:\/\/mark-schoder.de\/datenschutzerklaerung\/\"]}]},{\"@type\":\"BreadcrumbList\",\"@id\":\"https:\/\/mark-schoder.de\/datenschutzerklaerung\/#breadcrumb\",\"itemListElement\":[{\"@type\":\"ListItem\",\"position\":1,\"name\":\"Startseite\",\"item\":\"https:\/\/mark-schoder.de\/\"},{\"@type\":\"ListItem\",\"position\":2,\"name\":\"Datenschutzerkl\u00e4rung\"}]},{\"@type\":\"WebSite\",\"@id\":\"https:\/\/mark-schoder.de\/#website\",\"url\":\"https:\/\/mark-schoder.de\/\",\"name\":\"Mark Schoder\",\"description\":\"Umwelt- und Lokaljournalist: Radikal hoffnungsvoll in Klima- und Umweltkrise\",\"publisher\":{\"@id\":\"https:\/\/mark-schoder.de\/#\/schema\/person\/106d22131c49833aef6d346f82ba8f52\"},\"inLanguage\":\"en-US\"},{\"@type\":[\"Person\",\"Organization\"],\"@id\":\"https:\/\/mark-schoder.de\/#\/schema\/person\/106d22131c49833aef6d346f82ba8f52\",\"name\":\"mark-schoder.de\",\"image\":{\"@type\":\"ImageObject\",\"inLanguage\":\"en-US\",\"@id\":\"https:\/\/mark-schoder.de\/#\/schema\/person\/image\/\",\"url\":\"https:\/\/mark-schoder.de\/wp-content\/uploads\/2025\/08\/cropped-logo-1-edited.jpg\",\"contentUrl\":\"https:\/\/mark-schoder.de\/wp-content\/uploads\/2025\/08\/cropped-logo-1-edited.jpg\",\"width\":474,\"height\":474,\"caption\":\"mark-schoder.de\"},\"logo\":{\"@id\":\"https:\/\/mark-schoder.de\/#\/schema\/person\/image\/\"},\"sameAs\":[\"https:\/\/mark-schoder.de\"]}]}<\/script>\n<!-- \/ Yoast SEO plugin. -->","yoast_head_json":{"title":"Datenschutzerkl\u00e4rung -","robots":{"index":"index","follow":"follow","max-snippet":"max-snippet:-1","max-image-preview":"max-image-preview:large","max-video-preview":"max-video-preview:-1"},"canonical":"https:\/\/mark-schoder.de\/en\/datenschutzerklaerung\/","og_locale":"en_US","og_type":"article","og_title":"Datenschutzerkl\u00e4rung -","og_description":"1. Allgemeine Informationen Datenschutz ist uns ein wichtiges Anliegen. Daher bearbeiten wir Ihre personenbezogenen Daten (\u00abPersonendaten\u00bb) mit grosser Sorgfalt und gem\u00e4ss den anwendbaren gesetzlichen Vorgaben. Mark Schoder vom St. Galler Tagblatt bearbeitet Ihre Personendaten f\u00fcr unterschiedliche Zwecke und informiert vorliegend transparent \u00fcber diese Datenbearbeitungen. Unter \u00abPersonendaten\u00bb sind alle Informationen zu verstehen, die mit einer bestimmten oder bestimmbaren nat\u00fcrlichen Person in Verbindung gebracht werden k\u00f6nnen. Unter den Begriff \u00abBearbeiten\u00bb f\u00e4llt jeglicher Umgang mit Personendaten, z.B. beschaffen, [&hellip;]","og_url":"https:\/\/mark-schoder.de\/en\/datenschutzerklaerung\/","og_image":[{"width":1328,"height":747,"url":"https:\/\/mark-schoder.de\/wp-content\/uploads\/2024\/05\/IMG-20220729-WA0001-1.jpg","type":"image\/jpeg"}],"twitter_card":"summary_large_image","twitter_misc":{"Est. reading time":"9 minutes"},"schema":{"@context":"https:\/\/schema.org","@graph":[{"@type":"WebPage","@id":"https:\/\/mark-schoder.de\/datenschutzerklaerung\/","url":"https:\/\/mark-schoder.de\/datenschutzerklaerung\/","name":"Datenschutzerkl\u00e4rung -","isPartOf":{"@id":"https:\/\/mark-schoder.de\/#website"},"datePublished":"2024-07-10T15:12:38+00:00","breadcrumb":{"@id":"https:\/\/mark-schoder.de\/datenschutzerklaerung\/#breadcrumb"},"inLanguage":"en-US","potentialAction":[{"@type":"ReadAction","target":["https:\/\/mark-schoder.de\/datenschutzerklaerung\/"]}]},{"@type":"BreadcrumbList","@id":"https:\/\/mark-schoder.de\/datenschutzerklaerung\/#breadcrumb","itemListElement":[{"@type":"ListItem","position":1,"name":"Startseite","item":"https:\/\/mark-schoder.de\/"},{"@type":"ListItem","position":2,"name":"Datenschutzerkl\u00e4rung"}]},{"@type":"WebSite","@id":"https:\/\/mark-schoder.de\/#website","url":"https:\/\/mark-schoder.de\/","name":"Mark Schoder","description":"Umwelt- und Lokaljournalist: Radikal hoffnungsvoll in Klima- und Umweltkrise","publisher":{"@id":"https:\/\/mark-schoder.de\/#\/schema\/person\/106d22131c49833aef6d346f82ba8f52"},"inLanguage":"en-US"},{"@type":["Person","Organization"],"@id":"https:\/\/mark-schoder.de\/#\/schema\/person\/106d22131c49833aef6d346f82ba8f52","name":"mark-schoder.de","image":{"@type":"ImageObject","inLanguage":"en-US","@id":"https:\/\/mark-schoder.de\/#\/schema\/person\/image\/","url":"https:\/\/mark-schoder.de\/wp-content\/uploads\/2025\/08\/cropped-logo-1-edited.jpg","contentUrl":"https:\/\/mark-schoder.de\/wp-content\/uploads\/2025\/08\/cropped-logo-1-edited.jpg","width":474,"height":474,"caption":"mark-schoder.de"},"logo":{"@id":"https:\/\/mark-schoder.de\/#\/schema\/person\/image\/"},"sameAs":["https:\/\/mark-schoder.de"]}]}},"_links":{"self":[{"href":"https:\/\/mark-schoder.de\/en\/wp-json\/wp\/v2\/pages\/790"}],"collection":[{"href":"https:\/\/mark-schoder.de\/en\/wp-json\/wp\/v2\/pages"}],"about":[{"href":"https:\/\/mark-schoder.de\/en\/wp-json\/wp\/v2\/types\/page"}],"author":[{"embeddable":true,"href":"https:\/\/mark-schoder.de\/en\/wp-json\/wp\/v2\/users\/1"}],"replies":[{"embeddable":true,"href":"https:\/\/mark-schoder.de\/en\/wp-json\/wp\/v2\/comments?post=790"}],"version-history":[{"count":1,"href":"https:\/\/mark-schoder.de\/en\/wp-json\/wp\/v2\/pages\/790\/revisions"}],"predecessor-version":[{"id":792,"href":"https:\/\/mark-schoder.de\/en\/wp-json\/wp\/v2\/pages\/790\/revisions\/792"}],"wp:attachment":[{"href":"https:\/\/mark-schoder.de\/en\/wp-json\/wp\/v2\/media?parent=790"}],"curies":[{"name":"wp","href":"https:\/\/api.w.org\/{rel}","templated":true}]}}